{"id":4391,"date":"2026-03-25T15:45:30","date_gmt":"2026-03-25T15:45:30","guid":{"rendered":"https:\/\/mayanlanguagespreservation.org\/ctb-elibros\/"},"modified":"2026-03-25T17:05:12","modified_gmt":"2026-03-25T17:05:12","slug":"ctb-elibros","status":"publish","type":"page","link":"https:\/\/mayanlanguagespreservation.org\/es\/ctb-elibros\/","title":{"rendered":"CTB eLibros"},"content":{"rendered":"\t\t<div data-elementor-type=\"wp-page\" data-elementor-id=\"4391\" class=\"elementor elementor-4391 elementor-4311\" data-elementor-post-type=\"page\">\n\t\t\t\t<div class=\"elementor-element elementor-element-a2257ec e-ecs-flex e-flex e-con-boxed e-con e-parent\" data-id=\"a2257ec\" data-element_type=\"container\" data-e-type=\"container\" data-settings=\"{&quot;ecs_container_type&quot;:&quot;flex&quot;}\">\n\t\t\t\t\t<div class=\"e-con-inner\">\n\t\t<div class=\"elementor-element elementor-element-d26561d e-con-full e-ecs-flex e-flex e-con e-child\" data-id=\"d26561d\" data-element_type=\"container\" data-e-type=\"container\" data-settings=\"{&quot;ecs_container_type&quot;:&quot;flex&quot;}\">\n\t\t\t\t<div class=\"elementor-element elementor-element-04f96ee elementor-widget elementor-widget-heading\" data-id=\"04f96ee\" data-element_type=\"widget\" data-e-type=\"widget\" data-widget_type=\"heading.default\">\n\t\t\t\t<div class=\"elementor-widget-container\">\n\t\t\t\t\t<h1 class=\"elementor-heading-title elementor-size-default\">Libros electr\u00f3nicos CTB<\/h1>\t\t\t\t<\/div>\n\t\t\t\t<\/div>\n\t\t\t\t<div class=\"elementor-element elementor-element-4a867c2 elementor-widget elementor-widget-text-editor\" data-id=\"4a867c2\" data-element_type=\"widget\" data-e-type=\"widget\" data-widget_type=\"text-editor.default\">\n\t\t\t\t<div class=\"elementor-widget-container\">\n\t\t\t\t\t\t\t\t\t<p>Lee algunas de las magn\u00edficas historias creadas por los alumnos del Centro<span data-teams=\"true\">Tecnol\u00f3gico Biling\u00fce.<\/span><\/p>\t\t\t\t\t\t\t\t<\/div>\n\t\t\t\t<\/div>\n\t\t\t\t<\/div>\n\t\t<div class=\"elementor-element elementor-element-3b67318 e-con-full e-ecs-flex e-flex e-con e-child\" data-id=\"3b67318\" data-element_type=\"container\" data-e-type=\"container\" data-settings=\"{&quot;background_background&quot;:&quot;classic&quot;,&quot;ecs_container_type&quot;:&quot;flex&quot;}\">\n\t\t<div class=\"elementor-element elementor-element-1f6eb12 e-grid e-con-full e-ecs-flex e-con e-child\" data-id=\"1f6eb12\" data-element_type=\"container\" data-e-type=\"container\" data-settings=\"{&quot;ecs_container_type&quot;:&quot;flex&quot;}\">\n\t\t<div class=\"elementor-element elementor-element-dd91819 e-con-full e-ecs-flex e-flex e-con e-child\" data-id=\"dd91819\" data-element_type=\"container\" data-e-type=\"container\" data-settings=\"{&quot;ecs_container_type&quot;:&quot;flex&quot;}\">\n\t\t\t\t<div class=\"elementor-element elementor-element-01a6a59 elementor-widget elementor-widget-shortcode\" data-id=\"01a6a59\" data-element_type=\"widget\" data-e-type=\"widget\" data-widget_type=\"shortcode.default\">\n\t\t\t\t<div class=\"elementor-widget-container\">\n\t\t\t\t\t\t\t<div class=\"elementor-shortcode\"><div class=\"_df_thumb \" id=\"df_4296\"  _slug=\"kok-seeraq-uutzuujinbil-aatin-ut-kok-seeraq-li-naxkanab-xnawom\" data-title=\"kok-seeraq-uutzuujinbil-aatin-ut-kok-seeraq-li-naxkanab-xnawom\" wpoptions=\"true\" thumb=\"https:\/\/mayanlanguagespreservation.org\/wp-content\/uploads\/2026\/03\/IBB-YUNESCO-MW_Qeqchi-Thumb.jpg\" thumbtype=\"\" >KOK\u2019 SEERAQ\u2019, UUTZ\u2019U\u2019UJINB\u2019IL AATIN UT KOK\u2019 SEERAQ\u2019 LI NAXKANAB\u2019 XNAWOM<\/div><script class=\"df-shortcode-script\" nowprocket type=\"application\/javascript\">window.option_df_4296 = {\"outline\":[],\"backgroundColor\":\"#F0EEDC\",\"autoEnableOutline\":\"false\",\"autoEnableThumbnail\":\"false\",\"overwritePDFOutline\":\"false\",\"direction\":\"1\",\"pageSize\":\"0\",\"source\":\"https:\\\/\\\/mayanlanguagespreservation.org\\\/wp-content\\\/uploads\\\/2026\\\/03\\\/IBB-YUNESCO-MW_Qeqchi.pdf\",\"wpOptions\":\"true\"}; if(window.DFLIP && window.DFLIP.parseBooks){window.DFLIP.parseBooks();}<\/script><\/div>\n\t\t\t\t\t\t<\/div>\n\t\t\t\t<\/div>\n\t\t\t\t<\/div>\n\t\t<div class=\"elementor-element elementor-element-700a232 e-con-full e-ecs-flex e-flex e-con e-child\" data-id=\"700a232\" data-element_type=\"container\" data-e-type=\"container\" data-settings=\"{&quot;ecs_container_type&quot;:&quot;flex&quot;}\">\n\t\t\t\t<div class=\"elementor-element elementor-element-1ae2696 elementor-widget elementor-widget-shortcode\" data-id=\"1ae2696\" data-element_type=\"widget\" data-e-type=\"widget\" data-widget_type=\"shortcode.default\">\n\t\t\t\t<div class=\"elementor-widget-container\">\n\t\t\t\t\t\t\t<div class=\"elementor-shortcode\"><div class=\"_df_thumb \" id=\"df_4320\"  _slug=\"cuentos-poemas-y-fabulas\" data-title=\"cuentos-poemas-y-fabulas\" wpoptions=\"true\" thumb=\"https:\/\/mayanlanguagespreservation.org\/wp-content\/uploads\/2026\/03\/IBB-YUNESCO-MW_Espanol.jpg\" thumbtype=\"\" >CUENTOS, POEMAS Y F\u00c1BULAS<\/div><script class=\"df-shortcode-script\" nowprocket type=\"application\/javascript\">window.option_df_4320 = {\"outline\":[],\"backgroundColor\":\"#F0EEDC\",\"autoEnableOutline\":\"false\",\"autoEnableThumbnail\":\"false\",\"overwritePDFOutline\":\"false\",\"direction\":\"1\",\"pageSize\":\"0\",\"source\":\"https:\\\/\\\/mayanlanguagespreservation.org\\\/wp-content\\\/uploads\\\/2026\\\/03\\\/IBB-YUNESCO-MW_Espanol.pdf\",\"wpOptions\":\"true\"}; if(window.DFLIP && window.DFLIP.parseBooks){window.DFLIP.parseBooks();}<\/script><\/div>\n\t\t\t\t\t\t<\/div>\n\t\t\t\t<\/div>\n\t\t\t\t<\/div>\n\t\t\t\t<\/div>\n\t\t\t\t<\/div>\n\t\t\t\t\t<\/div>\n\t\t\t\t<\/div>\n\t\t\t\t<\/div>\n\t\t","protected":false},"excerpt":{"rendered":"<p>Libros electr\u00f3nicos CTB Lee algunas de las magn\u00edficas historias creadas por los alumnos del CentroTecnol\u00f3gico Biling\u00fce.<\/p>\n","protected":false},"author":1,"featured_media":0,"parent":0,"menu_order":0,"comment_status":"closed","ping_status":"closed","template":"","meta":{"_acf_changed":false,"footnotes":""},"class_list":["post-4391","page","type-page","status-publish","hentry"],"acf":[],"_links":{"self":[{"href":"https:\/\/mayanlanguagespreservation.org\/es\/wp-json\/wp\/v2\/pages\/4391","targetHints":{"allow":["GET"]}}],"collection":[{"href":"https:\/\/mayanlanguagespreservation.org\/es\/wp-json\/wp\/v2\/pages"}],"about":[{"href":"https:\/\/mayanlanguagespreservation.org\/es\/wp-json\/wp\/v2\/types\/page"}],"author":[{"embeddable":true,"href":"https:\/\/mayanlanguagespreservation.org\/es\/wp-json\/wp\/v2\/users\/1"}],"replies":[{"embeddable":true,"href":"https:\/\/mayanlanguagespreservation.org\/es\/wp-json\/wp\/v2\/comments?post=4391"}],"version-history":[{"count":1,"href":"https:\/\/mayanlanguagespreservation.org\/es\/wp-json\/wp\/v2\/pages\/4391\/revisions"}],"predecessor-version":[{"id":4392,"href":"https:\/\/mayanlanguagespreservation.org\/es\/wp-json\/wp\/v2\/pages\/4391\/revisions\/4392"}],"wp:attachment":[{"href":"https:\/\/mayanlanguagespreservation.org\/es\/wp-json\/wp\/v2\/media?parent=4391"}],"curies":[{"name":"wp","href":"https:\/\/api.w.org\/{rel}","templated":true}]}}