{"id":1721,"date":"2024-05-10T15:05:00","date_gmt":"2024-05-10T15:05:00","guid":{"rendered":"https:\/\/mayanlanguagepreservation.org\/pa-ri-uwi\/"},"modified":"2024-11-15T16:30:52","modified_gmt":"2024-11-15T16:30:52","slug":"pa-ri-uwi","status":"publish","type":"page","link":"https:\/\/mayanlanguagespreservation.org\/quc\/pa-ri-uwi\/","title":{"rendered":"PA RU UWI&#8217;"},"content":{"rendered":"\t\t<div data-elementor-type=\"wp-page\" data-elementor-id=\"1721\" class=\"elementor elementor-1721 elementor-1613\" data-elementor-post-type=\"page\">\n\t\t\t\t<div class=\"elementor-element elementor-element-62a4a1e e-flex e-con-boxed e-con e-parent\" data-id=\"62a4a1e\" data-element_type=\"container\" data-e-type=\"container\">\n\t\t\t\t\t<div class=\"e-con-inner\">\n\t\t<div class=\"elementor-element elementor-element-72d4838 e-con-full e-flex e-con e-child\" data-id=\"72d4838\" data-element_type=\"container\" data-e-type=\"container\">\n\t\t\t\t<\/div>\n\t\t<div class=\"elementor-element elementor-element-42d360a e-con-full e-flex e-con e-child\" data-id=\"42d360a\" data-element_type=\"container\" data-e-type=\"container\">\n\t\t\t\t<div class=\"elementor-element elementor-element-59575cd elementor-widget elementor-widget-heading\" data-id=\"59575cd\" data-element_type=\"widget\" data-e-type=\"widget\" data-widget_type=\"heading.default\">\n\t\t\t\t<div class=\"elementor-widget-container\">\n\t\t\t\t\t<h2 class=\"elementor-heading-title elementor-size-default\">PA RI UWI\u2019<\/h2>\t\t\t\t<\/div>\n\t\t\t\t<\/div>\n\t\t\t\t<\/div>\n\t\t<div class=\"elementor-element elementor-element-a34e1b2 e-con-full e-flex e-con e-child\" data-id=\"a34e1b2\" data-element_type=\"container\" data-e-type=\"container\">\n\t\t\t\t<\/div>\n\t\t\t\t\t<\/div>\n\t\t\t\t<\/div>\n\t\t<div class=\"elementor-element elementor-element-74e77fb elementor-hidden-desktop e-con-full e-flex e-con e-parent\" data-id=\"74e77fb\" data-element_type=\"container\" data-e-type=\"container\" data-settings=\"{&quot;background_background&quot;:&quot;classic&quot;}\">\n\t\t\t\t<div class=\"elementor-element elementor-element-0f672cd elementor-blockquote--skin-clean elementor-blockquote--align-center elementor-widget elementor-widget-blockquote\" data-id=\"0f672cd\" data-element_type=\"widget\" data-e-type=\"widget\" data-widget_type=\"blockquote.default\">\n\t\t\t\t<div class=\"elementor-widget-container\">\n\t\t\t\t\t\t\t<blockquote class=\"elementor-blockquote\">\n\t\t\t<p class=\"elementor-blockquote__content\">\n\t\t\t\t\u201cJe\u2019l kin wilo chi are\u2019 ki chuq\u2019ab\u2019 ri komon ri telik chikiwach konojel. Are wa\u2019 jun patanib\u2019al mayib\u2019al uwach ri nim rajil, xuquje\u2019 sib\u2019laj kin ki\u2019kotik chi in jun chke ri ajto\u2019b\u2019anelab\u2019.\u201d\t\t\t<\/p>\n\t\t\t\t\t\t\t<div class=\"e-q-footer\">\n\t\t\t\t\t\t\t\t\t\t\t<cite class=\"elementor-blockquote__author\">Gaspar Tomas<\/cite>\n\t\t\t\t\t\t\t\t\t\t\t\t\t\t<\/div>\n\t\t\t\t\t<\/blockquote>\n\t\t\t\t\t\t<\/div>\n\t\t\t\t<\/div>\n\t\t<div class=\"elementor-element elementor-element-07bc8ab e-con-full e-flex e-con e-child\" data-id=\"07bc8ab\" data-element_type=\"container\" data-e-type=\"container\" data-settings=\"{&quot;background_background&quot;:&quot;classic&quot;,&quot;shape_divider_top&quot;:&quot;waves&quot;}\">\n\t\t\t\t<div class=\"elementor-shape elementor-shape-top\" aria-hidden=\"true\" data-negative=\"false\">\n\t\t\t<svg xmlns=\"http:\/\/www.w3.org\/2000\/svg\" viewBox=\"0 0 1000 100\" preserveAspectRatio=\"none\">\n\t<path class=\"elementor-shape-fill\" d=\"M421.9,6.5c22.6-2.5,51.5,0.4,75.5,5.3c23.6,4.9,70.9,23.5,100.5,35.7c75.8,32.2,133.7,44.5,192.6,49.7\n\tc23.6,2.1,48.7,3.5,103.4-2.5c54.7-6,106.2-25.6,106.2-25.6V0H0v30.3c0,0,72,32.6,158.4,30.5c39.2-0.7,92.8-6.7,134-22.4\n\tc21.2-8.1,52.2-18.2,79.7-24.2C399.3,7.9,411.6,7.5,421.9,6.5z\"\/>\n<\/svg>\t\t<\/div>\n\t\t\t\t<\/div>\n\t\t\t\t<\/div>\n\t\t<div class=\"elementor-element elementor-element-3a0e393 elementor-hidden-tablet elementor-hidden-mobile e-flex e-con-boxed e-con e-parent\" data-id=\"3a0e393\" data-element_type=\"container\" data-e-type=\"container\" data-settings=\"{&quot;background_background&quot;:&quot;classic&quot;}\">\n\t\t\t\t\t<div class=\"e-con-inner\">\n\t\t<div class=\"elementor-element elementor-element-c086480 elementor-hidden-tablet elementor-hidden-mobile e-flex e-con-boxed e-con e-child\" data-id=\"c086480\" data-element_type=\"container\" data-e-type=\"container\" data-settings=\"{&quot;background_background&quot;:&quot;classic&quot;}\">\n\t\t\t\t\t<div class=\"e-con-inner\">\n\t\t<div class=\"elementor-element elementor-element-4fb44db e-con-full e-flex e-con e-child\" data-id=\"4fb44db\" data-element_type=\"container\" data-e-type=\"container\">\n\t\t\t\t<div class=\"elementor-element elementor-element-8621241 elementor-blockquote--skin-clean elementor-blockquote--align-left elementor-widget elementor-widget-blockquote\" data-id=\"8621241\" data-element_type=\"widget\" data-e-type=\"widget\" data-widget_type=\"blockquote.default\">\n\t\t\t\t<div class=\"elementor-widget-container\">\n\t\t\t\t\t\t\t<blockquote class=\"elementor-blockquote\">\n\t\t\t<p class=\"elementor-blockquote__content\">\n\t\t\t\t\u201cJe\u2019l kin wilo chi are\u2019 ki chuq\u2019ab\u2019 ri komon ri telik chikiwach konojel. Are wa\u2019 jun patanib\u2019al mayib\u2019al uwach ri nim rajil, xuquje\u2019 sib\u2019laj kin ki\u2019kotik chi in jun chke ri ajto\u2019b\u2019anelab\u2019.\u201d\t\t\t<\/p>\n\t\t\t\t\t\t\t<div class=\"e-q-footer\">\n\t\t\t\t\t\t\t\t\t\t\t<cite class=\"elementor-blockquote__author\">Gaspar Tomas<\/cite>\n\t\t\t\t\t\t\t\t\t\t\t\t\t\t<\/div>\n\t\t\t\t\t<\/blockquote>\n\t\t\t\t\t\t<\/div>\n\t\t\t\t<\/div>\n\t\t\t\t<\/div>\n\t\t\t\t\t<\/div>\n\t\t\t\t<\/div>\n\t\t\t\t\t<\/div>\n\t\t\t\t<\/div>\n\t\t<div class=\"elementor-element elementor-element-3110f3b e-flex e-con-boxed e-con e-parent\" data-id=\"3110f3b\" data-element_type=\"container\" data-e-type=\"container\">\n\t\t\t\t\t<div class=\"e-con-inner\">\n\t\t<div class=\"elementor-element elementor-element-5f01168 e-con-full e-flex e-con e-child\" data-id=\"5f01168\" data-element_type=\"container\" data-e-type=\"container\">\n\t\t\t\t<\/div>\n\t\t<div class=\"elementor-element elementor-element-5f50466 e-con-full e-flex e-con e-child\" data-id=\"5f50466\" data-element_type=\"container\" data-e-type=\"container\" data-settings=\"{&quot;background_background&quot;:&quot;classic&quot;}\">\n\t\t\t\t<div class=\"elementor-element elementor-element-508cd39 elementor-widget elementor-widget-heading\" data-id=\"508cd39\" data-element_type=\"widget\" data-e-type=\"widget\" data-widget_type=\"heading.default\">\n\t\t\t\t<div class=\"elementor-widget-container\">\n\t\t\t\t\t<h2 class=\"elementor-heading-title elementor-size-default\">ri kqaj<\/h2>\t\t\t\t<\/div>\n\t\t\t\t<\/div>\n\t\t\t\t<div class=\"elementor-element elementor-element-1805d6b elementor-widget elementor-widget-text-editor\" data-id=\"1805d6b\" data-element_type=\"widget\" data-e-type=\"widget\" data-widget_type=\"text-editor.default\">\n\t\t\t\t<div class=\"elementor-widget-container\">\n\t\t\t\t\t\t\t\t\t<p>Ri chak rech kchajix ri taq ch\u2019ab\u2019al Mayas b\u2019anom che rech kilitajik ri nim upatan xuquje ri kya\u2019 tob\u2019anik che kajwataj chke ri kech\u2019aw pa we ch\u2019ab\u2019al ri che ek\u2019o pa Estados Unidos. We jun chak ri are ktob\u2019anik che ri taq ch\u2019ab\u2019al Mayas kekoj pa taq ja tijob\u2019al rech kchokon chke ri taq k\u2019o ketamb\u2019al che ketob\u2019an chrij we taq ch\u2019ab\u2019al ri rech jeri\u2019 kqaya ub\u2019ixik che utz taj che ksach kiwach ri taq winaq che kech\u2019aw chupam ri taq ch\u2019ab\u2019al ri rech jeri\u2019 kojkowinik kqab\u2019ano che mas kajwataj ri taq winaq che kech\u2019aw pa le ch\u2019ab\u2019al ri\u2019. <\/p>\n<p>Ri MasterWord xuquje ri Instituto MasterWord kiya\u2019om ri tob\u2019anik rech kb\u2019an we jupuq taq tzij re ri ch\u2019ab\u2019al che b\u2019anom ruk\u2019 tob\u2019anik che esam pa ronojel rech jeri\u2019 ri k\u2019o ketamab\u2019al chrij ri ch\u2019ab\u2019al kekowinik kkiya ri ketamab\u2019al rech jeri\u2019 kojkowinik kqab\u2019an jun cholajil re ri taq tzij che kekoj chuwach ri taq q\u2019atb\u2019al tzij xuquje ri taq ajkunanel. Sib\u2019alaj nim upatan ri chak ri\u2019 che ri taq kech\u2019aw pa le ch\u2019ab\u2019al ri kekowinik ketob\u2019anik rech kanimar ri chak ri jeri\u2019 kanimar ri kekojow ri chak ri\u2019 re ri ch\u2019ab\u2019al che are tajin kkoj nim chuq\u2019ab\u2019 che kumal ri kech\u2019aw pa we ch\u2019ab\u2019al Maya ri. Kojchakun kuk\u2019 ri kech\u2019aw pa we ch\u2019ab\u2019al ri che are ri kich\u2019ab\u2019al che kkikojo chi\u2019 xalaxik che k\u2019ate xopan pa Estados Unidos, xuquje ri k\u2019o ketamab\u2019al chrij ri ch\u2019ab\u2019al che tajin kechakun kuk\u2019 ri kech\u2019aw pa le ch\u2019ab\u2019al ri xuquje ri k\u2019o kitijonik chrij ri ch\u2019ab\u2019al. Rech jeri\u2019 kkiya tob\u2019anik chkixol ri EE. UU. xuquje Guatemala, ri qachak are kuk\u2019am ronojel ri taq 20 ch\u2019ab\u2019al che k\u2019o pa Guatemala che kkib\u2019an jun jupuq taq tzij che qas kkojik xuquje tz\u2019aqat rech kkikoj ri taq kech\u2019aw pa le ch\u2019ab\u2019al ri\u2019. Chi kanimar m\u00e1s ri chak, kqaj che knimar m\u00e1s ri ucholajil ri taq tzij che kkojik kuk\u2019 ri taq ajq\u2019atal tzij xuquje ajkunanel, xuquje jun cholajil che kruk\u2019aj m\u00e1s taq tzij che kkikoj ri taq winaq pa le tecnolog\u00eda, rajil, tijonik xuquje etz\u2019anem.    <\/p>\n\t\t\t\t\t\t\t\t<\/div>\n\t\t\t\t<\/div>\n\t\t\t\t<\/div>\n\t\t<div class=\"elementor-element elementor-element-5d09b2b e-con-full elementor-hidden-mobile e-flex e-con e-child\" data-id=\"5d09b2b\" data-element_type=\"container\" data-e-type=\"container\">\n\t\t\t\t<\/div>\n\t\t\t\t\t<\/div>\n\t\t\t\t<\/div>\n\t\t<div class=\"elementor-element elementor-element-fc52236 e-flex e-con-boxed e-con e-parent\" data-id=\"fc52236\" data-element_type=\"container\" data-e-type=\"container\">\n\t\t\t\t\t<div class=\"e-con-inner\">\n\t\t<div class=\"elementor-element elementor-element-0f1edc7 e-con-full elementor-hidden-mobile e-flex e-con e-child\" data-id=\"0f1edc7\" data-element_type=\"container\" data-e-type=\"container\">\n\t\t\t\t<\/div>\n\t\t<div class=\"elementor-element elementor-element-08b8dbf e-con-full e-flex e-con e-child\" data-id=\"08b8dbf\" data-element_type=\"container\" data-e-type=\"container\">\n\t\t\t\t<div class=\"elementor-element elementor-element-68d8051 elementor-widget__width-auto elementor-widget elementor-widget-image\" data-id=\"68d8051\" data-element_type=\"widget\" data-e-type=\"widget\" data-widget_type=\"image.default\">\n\t\t\t\t<div class=\"elementor-widget-container\">\n\t\t\t\t\t\t\t\t\t\t\t\t\t\t\t<img fetchpriority=\"high\" decoding=\"async\" width=\"600\" height=\"673\" src=\"https:\/\/mayanlanguagespreservation.org\/wp-content\/uploads\/2024\/05\/Keyboard-typing-2.jpg\" class=\"attachment-large size-large wp-image-1727\" alt=\"\" srcset=\"https:\/\/mayanlanguagespreservation.org\/wp-content\/uploads\/2024\/05\/Keyboard-typing-2.jpg 600w, https:\/\/mayanlanguagespreservation.org\/wp-content\/uploads\/2024\/05\/Keyboard-typing-2-267x300.jpg 267w\" sizes=\"(max-width: 600px) 100vw, 600px\" \/>\t\t\t\t\t\t\t\t\t\t\t\t\t\t\t<\/div>\n\t\t\t\t<\/div>\n\t\t\t\t<div class=\"elementor-element elementor-element-13665c0 elementor-widget__width-auto elementor-widget elementor-widget-image\" data-id=\"13665c0\" data-element_type=\"widget\" data-e-type=\"widget\" data-widget_type=\"image.default\">\n\t\t\t\t<div class=\"elementor-widget-container\">\n\t\t\t\t\t\t\t\t\t\t\t\t\t\t\t<img decoding=\"async\" width=\"533\" height=\"400\" src=\"https:\/\/mayanlanguagespreservation.org\/wp-content\/uploads\/2024\/05\/Dulce-img.jpg\" class=\"attachment-large size-large wp-image-1726\" alt=\"\" srcset=\"https:\/\/mayanlanguagespreservation.org\/wp-content\/uploads\/2024\/05\/Dulce-img.jpg 533w, https:\/\/mayanlanguagespreservation.org\/wp-content\/uploads\/2024\/05\/Dulce-img-300x225.jpg 300w\" sizes=\"(max-width: 533px) 100vw, 533px\" \/>\t\t\t\t\t\t\t\t\t\t\t\t\t\t\t<\/div>\n\t\t\t\t<\/div>\n\t\t\t\t<\/div>\n\t\t<div class=\"elementor-element elementor-element-7c419e2 e-con-full e-flex e-con e-child\" data-id=\"7c419e2\" data-element_type=\"container\" data-e-type=\"container\">\n\t\t\t\t<div class=\"elementor-element elementor-element-42c0718 elementor-widget elementor-widget-heading\" data-id=\"42c0718\" data-element_type=\"widget\" data-e-type=\"widget\" data-widget_type=\"heading.default\">\n\t\t\t\t<div class=\"elementor-widget-container\">\n\t\t\t\t\t<h2 class=\"elementor-heading-title elementor-size-default\">ri ub'anik<\/h2>\t\t\t\t<\/div>\n\t\t\t\t<\/div>\n\t\t\t\t<div class=\"elementor-element elementor-element-de5f882 elementor-widget elementor-widget-text-editor\" data-id=\"de5f882\" data-element_type=\"widget\" data-e-type=\"widget\" data-widget_type=\"text-editor.default\">\n\t\t\t\t<div class=\"elementor-widget-container\">\n\t\t\t\t\t\t\t\t\t<p>Ri chak re uchajixik ri taq ch\u2019ab\u2019al Mayas are jun chak ruk\u2019 no\u2019j che esam pa ronojel che b\u2019anom kumal ri taq winaq che k\u2019o ketamab\u2019al chrij ri ch\u2019ab\u2019al Mayas pa Guatemala xuquje pa America del norte xuquje sur. Ri k\u2019o ketab\u2019al chrij are taq k\u2019o ketamab\u2019al chrij antropolog\u00eda, ling\u00fc\u00edstica, estudios culturales xuquje tob\u2019anik re chak xuquje etamab\u2019al pa internet rech kechajix ri taq ch\u2019ab\u2019al xuquje b\u2019antajik Mayas. Ri qachak are che kojchakun kuk\u2019 ri taq winaq che kech\u2019aw pa ri ch\u2019ab\u2019al rech jeri\u2019 kojkowinik kqab\u2019ano che ksach ta uwach ri taq ch\u2019ab\u2019al ind\u00edgenas che k\u2019o pa Guatemala xuquje ronojel ri taq utinamit. Qeta\u2019m che ronojel ri ub\u2019anik ri taq ch\u2019ab\u2019al e k\u2019aslik rumal kichab\u2019al ri winaq rumal wari kqaya ri sik\u2019inik chke konojel ri kkiya ri kitob\u2019anik rech ksach ta uwach ri ch\u2019ab\u2019al Mayas rech kkiya ri ub\u2019anik xuquje kkib\u2019ij ri ketamab\u2019al chrij ri culturas Mayas.   <\/p>\n<p>Uj tak\u2019al iwuk\u2019 pa ri kojonik chi ri yata\u2019yil ch\u2019ab\u2019al are\u2019 ki yata\u2019yil winaq. Ri Chak Chre ri Uchajixik ri ki Ch\u2019ab\u2019al ri aj Mayab\u2019 ku kowirisaj ri qas tzij. Junam k\u2019ut man xa qi ta ke\u2019 qa k\u2019ol ri ch\u2019b\u2019al, xane kqa ch\u2019ob kiwach, kqa ya\u2019 ki q\u2019ij, xuquje\u2019 kqa jach kiwach ri uq\u2019inomal ri qa b\u2019antajik ri kuj upis chupam. Kqa jikib\u2019a ri qa ch\u2019o\u2019j xuquje\u2019 ri qa ka\u2019yib\u2019al ri ujunamil chke konojel winaqilal are chi\u2019 konojel kqa ch\u2019o\u2019jij rech kjikib\u2019axik ri ajtzijonelab\u2019 re ronojel taq ch\u2019ab\u2019al ya\u2019tal chke ke\u2019 tzijonik, chre ri reta\u2019maxik, chre ri utz\u2019ib\u2019axik, xuquje\u2019 chre ri ub\u2019ixik jas kki na\u2019o pa ri ch\u2019ab\u2019al kkaj kki cha\u2019o. Pine we jun no\u2019j re ukojik chuq\u2019ab\u2019 chqe ri uj ri kuj chakun chre ri uchajixik ri ch\u2019ab\u2019al xuquje\u2019 ri uyaik rutzil uwach, ok\u2019owinaq chik 500 junab\u2019 re b\u2019anow k\u2019ax rech kqeta\u2019maj chi pa taq le q\u2019ij ri\u2019 ri qa ch\u2019ab\u2019al xb\u2019an k\u2019ax chke, kyoq\u2019ik, xuquje\u2019 man ya\u2019talta ukojik che ronojel q\u2019ij ch\u2019ab\u2019al. Chi\u2019 ri qas xki kojulo nab\u2019e kqan ri ajch\u2019aqap winaq, ri aj Sepk\u2019ija\u2019al taq winaq ki riqom k\u2019ax pa uq\u2019ab\u2019 ri kraj kchup ki wach ri ki winaq xuquje\u2019 ri ki ch\u2019ab\u2019al xuquje\u2019 taq ki b\u2019anob\u2019al. Uj k\u2019o chre ri uch\u2019o\u2019jixik rech mawi jun winaq, alaxik, on jun komon ri kwi ki ch\u2019ab\u2019al kki riq na k\u2019ax xa rumal rech uxeteyil uwach ki ch\u2019ab\u2019al. Kqa jikib\u2019a\u2019qib\u2019 chuwach le mayab\u2019 ch\u2019ab\u2019al xuquje\u2019 ri b\u2019anob\u2019al man are\u2019 taj je\u2019l taq etzeb\u2019a\u2019l re jun ojer ok\u2019owinaq winaqirem. Xa ne k\u2019ut, ri qa ch\u2019ab\u2019al, ri qa b\u2019antajik, xuquje\u2019 ri taq qa komon man ktak\u2019e\u2019 ta ki k\u2019iyik, ki k\u2019exenik, xuquje\u2019chre ri uriqik ri patanib\u2019al rech kqa riq ri qa tak\u2019alib\u2019al jawije rajawaxik kuj k\u2019oje\u2019 wi pacha qas je jun ajk\u2019amal b\u2019e re tijonik xuquje\u2019 re chomanik.        <\/p>\t\t\t\t\t\t\t\t<\/div>\n\t\t\t\t<\/div>\n\t\t\t\t<\/div>\n\t\t<div class=\"elementor-element elementor-element-31fdfe6 e-con-full e-flex e-con e-child\" data-id=\"31fdfe6\" data-element_type=\"container\" data-e-type=\"container\">\n\t\t\t\t<\/div>\n\t\t\t\t\t<\/div>\n\t\t\t\t<\/div>\n\t\t\t\t<\/div>\n\t\t","protected":false},"excerpt":{"rendered":"<p>PA RI UWI\u2019 \u201cJe\u2019l kin wilo chi are\u2019 ki chuq\u2019ab\u2019 ri komon ri telik chikiwach konojel. Are wa\u2019 jun patanib\u2019al mayib\u2019al uwach ri nim rajil, xuquje\u2019 sib\u2019laj kin ki\u2019kotik chi in jun chke ri ajto\u2019b\u2019anelab\u2019.\u201d Gaspar Tomas \u201cJe\u2019l kin wilo chi are\u2019 ki chuq\u2019ab\u2019 ri komon ri telik chikiwach konojel. Are wa\u2019 jun patanib\u2019al mayib\u2019al [&hellip;]<\/p>\n","protected":false},"author":1,"featured_media":0,"parent":0,"menu_order":0,"comment_status":"closed","ping_status":"closed","template":"","meta":{"_acf_changed":false,"footnotes":""},"class_list":["post-1721","page","type-page","status-publish","hentry"],"acf":[],"_links":{"self":[{"href":"https:\/\/mayanlanguagespreservation.org\/quc\/wp-json\/wp\/v2\/pages\/1721","targetHints":{"allow":["GET"]}}],"collection":[{"href":"https:\/\/mayanlanguagespreservation.org\/quc\/wp-json\/wp\/v2\/pages"}],"about":[{"href":"https:\/\/mayanlanguagespreservation.org\/quc\/wp-json\/wp\/v2\/types\/page"}],"author":[{"embeddable":true,"href":"https:\/\/mayanlanguagespreservation.org\/quc\/wp-json\/wp\/v2\/users\/1"}],"replies":[{"embeddable":true,"href":"https:\/\/mayanlanguagespreservation.org\/quc\/wp-json\/wp\/v2\/comments?post=1721"}],"version-history":[{"count":3,"href":"https:\/\/mayanlanguagespreservation.org\/quc\/wp-json\/wp\/v2\/pages\/1721\/revisions"}],"predecessor-version":[{"id":1765,"href":"https:\/\/mayanlanguagespreservation.org\/quc\/wp-json\/wp\/v2\/pages\/1721\/revisions\/1765"}],"wp:attachment":[{"href":"https:\/\/mayanlanguagespreservation.org\/quc\/wp-json\/wp\/v2\/media?parent=1721"}],"curies":[{"name":"wp","href":"https:\/\/api.w.org\/{rel}","templated":true}]}}